{"id":12,"date":"2019-05-13T06:55:11","date_gmt":"2019-05-13T06:55:11","guid":{"rendered":"http:\/\/shiny-yacare.w6.wpsandbox.pro\/?page_id=12"},"modified":"2021-08-17T16:46:30","modified_gmt":"2021-08-17T16:46:30","slug":"sobre-nosotros","status":"publish","type":"page","link":"https:\/\/www.latrastiendajavea.es\/en\/sobre-nosotros\/","title":{"rendered":"About us"},"content":{"rendered":"\t\t<div data-elementor-type=\"wp-post\" data-elementor-id=\"12\" class=\"elementor elementor-12\">\n\t\t\t\t\t\t<section class=\"elementor-section elementor-top-section elementor-element elementor-element-7aa64f7 elementor-section-boxed elementor-section-height-default elementor-section-height-default\" data-id=\"7aa64f7\" data-element_type=\"section\" data-e-type=\"section\">\n\t\t\t\t\t\t<div class=\"elementor-container elementor-column-gap-default\">\n\t\t\t\t\t<div class=\"elementor-column elementor-col-100 elementor-top-column elementor-element elementor-element-b96836b\" data-id=\"b96836b\" data-element_type=\"column\" data-e-type=\"column\">\n\t\t\t<div class=\"elementor-widget-wrap elementor-element-populated\">\n\t\t\t\t\t\t<div class=\"elementor-element elementor-element-5575c12 elementor-widget elementor-widget-spacer\" data-id=\"5575c12\" data-element_type=\"widget\" data-e-type=\"widget\" data-widget_type=\"spacer.default\">\n\t\t\t\t<div class=\"elementor-widget-container\">\n\t\t\t\t\t\t\t<div class=\"elementor-spacer\">\n\t\t\t<div class=\"elementor-spacer-inner\"><\/div>\n\t\t<\/div>\n\t\t\t\t\t\t<\/div>\n\t\t\t\t<\/div>\n\t\t\t\t\t<\/div>\n\t\t<\/div>\n\t\t\t\t\t<\/div>\n\t\t<\/section>\n\t\t\t\t<section class=\"elementor-section elementor-top-section elementor-element elementor-element-03923ee elementor-section-boxed elementor-section-height-default elementor-section-height-default\" data-id=\"03923ee\" data-element_type=\"section\" data-e-type=\"section\">\n\t\t\t\t\t\t<div class=\"elementor-container elementor-column-gap-default\">\n\t\t\t\t\t<div class=\"elementor-column elementor-col-50 elementor-top-column elementor-element elementor-element-c3e4085\" data-id=\"c3e4085\" data-element_type=\"column\" data-e-type=\"column\">\n\t\t\t<div class=\"elementor-widget-wrap elementor-element-populated\">\n\t\t\t\t\t\t<div class=\"elementor-element elementor-element-4b5ab6d elementor-widget elementor-widget-image\" data-id=\"4b5ab6d\" data-element_type=\"widget\" data-e-type=\"widget\" data-widget_type=\"image.default\">\n\t\t\t\t<div class=\"elementor-widget-container\">\n\t\t\t\t\t\t\t\t\t\t\t\t\t\t\t<img fetchpriority=\"high\" decoding=\"async\" width=\"557\" height=\"676\" src=\"https:\/\/www.latrastiendajavea.es\/wp-content\/uploads\/2021\/08\/sobre-nosotros-conocenos_01.jpg\" class=\"attachment-full size-full wp-image-2166\" alt=\"\" srcset=\"https:\/\/www.latrastiendajavea.es\/wp-content\/uploads\/2021\/08\/sobre-nosotros-conocenos_01.jpg 557w, https:\/\/www.latrastiendajavea.es\/wp-content\/uploads\/2021\/08\/sobre-nosotros-conocenos_01-247x300.jpg 247w\" sizes=\"(max-width: 557px) 100vw, 557px\" \/>\t\t\t\t\t\t\t\t\t\t\t\t\t\t\t<\/div>\n\t\t\t\t<\/div>\n\t\t\t\t\t<\/div>\n\t\t<\/div>\n\t\t\t\t<div class=\"elementor-column elementor-col-50 elementor-top-column elementor-element elementor-element-b3c71e9\" data-id=\"b3c71e9\" data-element_type=\"column\" data-e-type=\"column\">\n\t\t\t<div class=\"elementor-widget-wrap elementor-element-populated\">\n\t\t\t\t\t\t<section class=\"elementor-section elementor-inner-section elementor-element elementor-element-298b083 elementor-section-boxed elementor-section-height-default elementor-section-height-default\" data-id=\"298b083\" data-element_type=\"section\" data-e-type=\"section\" data-settings=\"{&quot;background_background&quot;:&quot;classic&quot;}\">\n\t\t\t\t\t\t<div class=\"elementor-container elementor-column-gap-default\">\n\t\t\t\t\t<div class=\"elementor-column elementor-col-100 elementor-inner-column elementor-element elementor-element-42ebfb8\" data-id=\"42ebfb8\" data-element_type=\"column\" data-e-type=\"column\" data-settings=\"{&quot;background_background&quot;:&quot;classic&quot;}\">\n\t\t\t<div class=\"elementor-widget-wrap elementor-element-populated\">\n\t\t\t\t\t\t<div class=\"elementor-element elementor-element-0dfff3f elementor-widget elementor-widget-heading\" data-id=\"0dfff3f\" data-element_type=\"widget\" data-e-type=\"widget\" data-widget_type=\"heading.default\">\n\t\t\t\t<div class=\"elementor-widget-container\">\n\t\t\t\t\t<p class=\"elementor-heading-title elementor-size-default\">About us <\/p>\t\t\t\t<\/div>\n\t\t\t\t<\/div>\n\t\t\t\t<div class=\"elementor-element elementor-element-4516f86 elementor-widget elementor-widget-heading\" data-id=\"4516f86\" data-element_type=\"widget\" data-e-type=\"widget\" data-widget_type=\"heading.default\">\n\t\t\t\t<div class=\"elementor-widget-container\">\n\t\t\t\t\t<h2 class=\"elementor-heading-title elementor-size-default\">EXPLORE MORE ABOUT US<\/h2>\t\t\t\t<\/div>\n\t\t\t\t<\/div>\n\t\t\t\t\t<\/div>\n\t\t<\/div>\n\t\t\t\t\t<\/div>\n\t\t<\/section>\n\t\t\t\t<div class=\"elementor-element elementor-element-f9fb27d elementor-widget elementor-widget-text-editor\" data-id=\"f9fb27d\" data-element_type=\"widget\" data-e-type=\"widget\" data-widget_type=\"text-editor.default\">\n\t\t\t\t<div class=\"elementor-widget-container\">\n\t\t\t\t\t\t\t\t\t<p>Located in the heart of the <strong>Historic Center of J\u00e1vea<\/strong>, La Trastienda offers you a careful selection of <strong>Spanish and Asian tapas made with the best local market raw materials<\/strong>.<br \/>We accompany our gastronomic proposal with <strong>a wide selection of cavas and wines by the glass<\/strong> that constantly change on our board.<\/p>\t\t\t\t\t\t\t\t<\/div>\n\t\t\t\t<\/div>\n\t\t\t\t<div class=\"elementor-element elementor-element-344853d elementor-widget elementor-widget-text-editor\" data-id=\"344853d\" data-element_type=\"widget\" data-e-type=\"widget\" data-widget_type=\"text-editor.default\">\n\t\t\t\t<div class=\"elementor-widget-container\">\n\t\t\t\t\t\t\t\t\t<p>If you prefer bottles, our wine list always features surprises from small national wineries chosen for their quality and exclusivity.<\/p><p>We also offer you an extensive menu of beers, cocktails and snacks.<br \/>All this with an informal, relaxed and exclusive atmosphere, in keeping with the Javiense-Mediterranean lifestyle in a mix of international clientele.<\/p>\t\t\t\t\t\t\t\t<\/div>\n\t\t\t\t<\/div>\n\t\t\t\t<div class=\"elementor-element elementor-element-a835daa elementor-widget elementor-widget-text-editor\" data-id=\"a835daa\" data-element_type=\"widget\" data-e-type=\"widget\" data-widget_type=\"text-editor.default\">\n\t\t\t\t<div class=\"elementor-widget-container\">\n\t\t\t\t\t\t\t\t\t<p><br \/>Come to enjoy with us!<\/p>\t\t\t\t\t\t\t\t<\/div>\n\t\t\t\t<\/div>\n\t\t\t\t\t<\/div>\n\t\t<\/div>\n\t\t\t\t\t<\/div>\n\t\t<\/section>\n\t\t\t\t<section class=\"elementor-section elementor-top-section elementor-element elementor-element-c88090f elementor-section-boxed elementor-section-height-default elementor-section-height-default\" data-id=\"c88090f\" data-element_type=\"section\" data-e-type=\"section\">\n\t\t\t\t\t\t<div class=\"elementor-container elementor-column-gap-default\">\n\t\t\t\t\t<div class=\"elementor-column elementor-col-100 elementor-top-column elementor-element elementor-element-eee0bc5\" data-id=\"eee0bc5\" data-element_type=\"column\" data-e-type=\"column\">\n\t\t\t<div class=\"elementor-widget-wrap elementor-element-populated\">\n\t\t\t\t\t\t<div class=\"elementor-element elementor-element-faae77b elementor-widget elementor-widget-spacer\" data-id=\"faae77b\" data-element_type=\"widget\" data-e-type=\"widget\" data-widget_type=\"spacer.default\">\n\t\t\t\t<div class=\"elementor-widget-container\">\n\t\t\t\t\t\t\t<div class=\"elementor-spacer\">\n\t\t\t<div class=\"elementor-spacer-inner\"><\/div>\n\t\t<\/div>\n\t\t\t\t\t\t<\/div>\n\t\t\t\t<\/div>\n\t\t\t\t\t<\/div>\n\t\t<\/div>\n\t\t\t\t\t<\/div>\n\t\t<\/section>\n\t\t\t\t<section class=\"elementor-section elementor-top-section elementor-element elementor-element-e57ac78 elementor-section-full_width elementor-section-height-default elementor-section-height-default\" data-id=\"e57ac78\" data-element_type=\"section\" data-e-type=\"section\" data-settings=\"{&quot;background_background&quot;:&quot;classic&quot;}\">\n\t\t\t\t\t\t<div class=\"elementor-container elementor-column-gap-default\">\n\t\t\t\t\t<div class=\"elementor-column elementor-col-100 elementor-top-column elementor-element elementor-element-9bef251\" data-id=\"9bef251\" data-element_type=\"column\" data-e-type=\"column\">\n\t\t\t<div class=\"elementor-widget-wrap elementor-element-populated\">\n\t\t\t\t\t\t<div class=\"elementor-element elementor-element-6082372 elementor-widget elementor-widget-spacer\" data-id=\"6082372\" data-element_type=\"widget\" data-e-type=\"widget\" data-widget_type=\"spacer.default\">\n\t\t\t\t<div class=\"elementor-widget-container\">\n\t\t\t\t\t\t\t<div class=\"elementor-spacer\">\n\t\t\t<div class=\"elementor-spacer-inner\"><\/div>\n\t\t<\/div>\n\t\t\t\t\t\t<\/div>\n\t\t\t\t<\/div>\n\t\t\t\t\t<\/div>\n\t\t<\/div>\n\t\t\t\t\t<\/div>\n\t\t<\/section>\n\t\t\t\t<section class=\"elementor-section elementor-top-section elementor-element elementor-element-a887029 elementor-section-boxed elementor-section-height-default elementor-section-height-default\" data-id=\"a887029\" data-element_type=\"section\" data-e-type=\"section\">\n\t\t\t\t\t\t<div class=\"elementor-container elementor-column-gap-default\">\n\t\t\t\t\t<div class=\"elementor-column elementor-col-100 elementor-top-column elementor-element elementor-element-5055cfa\" data-id=\"5055cfa\" data-element_type=\"column\" data-e-type=\"column\">\n\t\t\t<div class=\"elementor-widget-wrap\">\n\t\t\t\t\t\t\t<\/div>\n\t\t<\/div>\n\t\t\t\t\t<\/div>\n\t\t<\/section>\n\t\t\t\t<section class=\"elementor-section elementor-top-section elementor-element elementor-element-d74b091 elementor-section-boxed elementor-section-height-default elementor-section-height-default\" data-id=\"d74b091\" data-element_type=\"section\" data-e-type=\"section\">\n\t\t\t\t\t\t<div class=\"elementor-container elementor-column-gap-default\">\n\t\t\t\t\t<div class=\"elementor-column elementor-col-16 elementor-top-column elementor-element elementor-element-c0fd268\" data-id=\"c0fd268\" data-element_type=\"column\" data-e-type=\"column\">\n\t\t\t<div class=\"elementor-widget-wrap\">\n\t\t\t\t\t\t\t<\/div>\n\t\t<\/div>\n\t\t\t\t<div class=\"elementor-column elementor-col-66 elementor-top-column elementor-element elementor-element-7950fc2\" data-id=\"7950fc2\" data-element_type=\"column\" data-e-type=\"column\" data-settings=\"{&quot;background_background&quot;:&quot;classic&quot;}\">\n\t\t\t<div class=\"elementor-widget-wrap elementor-element-populated\">\n\t\t\t\t\t\t<div class=\"elementor-element elementor-element-06af13e elementor-widget elementor-widget-heading\" data-id=\"06af13e\" data-element_type=\"widget\" data-e-type=\"widget\" data-widget_type=\"heading.default\">\n\t\t\t\t<div class=\"elementor-widget-container\">\n\t\t\t\t\t<p class=\"elementor-heading-title elementor-size-default\">Reservation<\/p>\t\t\t\t<\/div>\n\t\t\t\t<\/div>\n\t\t\t\t<div class=\"elementor-element elementor-element-cff9a46 elementor-widget elementor-widget-heading\" data-id=\"cff9a46\" data-element_type=\"widget\" data-e-type=\"widget\" data-widget_type=\"heading.default\">\n\t\t\t\t<div class=\"elementor-widget-container\">\n\t\t\t\t\t<h2 class=\"elementor-heading-title elementor-size-default\">VISIT US<\/h2>\t\t\t\t<\/div>\n\t\t\t\t<\/div>\n\t\t\t\t<div class=\"elementor-element elementor-element-fee08ee elementor-widget elementor-widget-heading\" data-id=\"fee08ee\" data-element_type=\"widget\" data-e-type=\"widget\" data-widget_type=\"heading.default\">\n\t\t\t\t<div class=\"elementor-widget-container\">\n\t\t\t\t\t<p class=\"elementor-heading-title elementor-size-default\"><a href=\"https:\/\/www.google.es\/maps\/place\/La+Trastienda+Wine+Bar\/@38.7897166,0.1619317,21z\/data=!3m1!5s0x129e0f9096ccde47:0x3eb9d78a116c082d!4m9!1m2!2m1!1sla+trastienda!3m5!1s0x129e0f90971e0c29:0x32f569cf114abe68!8m2!3d38.7898554!4d0.1621528!15sCg1sYSB0cmFzdGllbmRhWg8iDWxhIHRyYXN0aWVuZGGSAQpyZXN0YXVyYW50mgEkQ2hkRFNVaE5NRzluUzBWSlEwRm5TVU5ETUhKNVpYVlJSUkFC?hl=es\" target=\"_blank\">C\/ PRINCIPE DE ASTURIAS N\u00ba4 en J\u00c1VEA (ALICANTE)<\/a><\/p>\t\t\t\t<\/div>\n\t\t\t\t<\/div>\n\t\t\t\t<div class=\"elementor-element elementor-element-ebfd0cb elementor-widget elementor-widget-heading\" data-id=\"ebfd0cb\" data-element_type=\"widget\" data-e-type=\"widget\" data-widget_type=\"heading.default\">\n\t\t\t\t<div class=\"elementor-widget-container\">\n\t\t\t\t\t<p class=\"elementor-heading-title elementor-size-default\">SCHEDULE: Monday to Saturday from 13h to 16h. and from 19 to closing. Sunday closed<\/p>\t\t\t\t<\/div>\n\t\t\t\t<\/div>\n\t\t\t\t<div class=\"elementor-element elementor-element-7063ce2 elementor-widget elementor-widget-heading\" data-id=\"7063ce2\" data-element_type=\"widget\" data-e-type=\"widget\" data-widget_type=\"heading.default\">\n\t\t\t\t<div class=\"elementor-widget-container\">\n\t\t\t\t\t<p class=\"elementor-heading-title elementor-size-default\"> RESERVATIONS PHONE: <a href=\"tel:(+34) 965 794 864\u200b\">(+34) 965 794 864\u200b<\/a><\/p>\t\t\t\t<\/div>\n\t\t\t\t<\/div>\n\t\t\t\t<div class=\"elementor-element elementor-element-53e3957 elementor-align-center elementor-widget elementor-widget-button\" data-id=\"53e3957\" data-element_type=\"widget\" data-e-type=\"widget\" data-widget_type=\"button.default\">\n\t\t\t\t<div class=\"elementor-widget-container\">\n\t\t\t\t\t\t\t\t\t<div class=\"elementor-button-wrapper\">\n\t\t\t\t\t<a class=\"elementor-button elementor-button-link elementor-size-md\" href=\"https:\/\/www.latrastiendajavea.es\/en\/reservas\/\">\n\t\t\t\t\t\t<span class=\"elementor-button-content-wrapper\">\n\t\t\t\t\t\t\t\t\t<span class=\"elementor-button-text\">BOOK A TABLE<\/span>\n\t\t\t\t\t<\/span>\n\t\t\t\t\t<\/a>\n\t\t\t\t<\/div>\n\t\t\t\t\t\t\t\t<\/div>\n\t\t\t\t<\/div>\n\t\t\t\t<div class=\"elementor-element elementor-element-76279d6 elementor-widget elementor-widget-spacer\" data-id=\"76279d6\" data-element_type=\"widget\" data-e-type=\"widget\" data-widget_type=\"spacer.default\">\n\t\t\t\t<div class=\"elementor-widget-container\">\n\t\t\t\t\t\t\t<div class=\"elementor-spacer\">\n\t\t\t<div class=\"elementor-spacer-inner\"><\/div>\n\t\t<\/div>\n\t\t\t\t\t\t<\/div>\n\t\t\t\t<\/div>\n\t\t\t\t\t<\/div>\n\t\t<\/div>\n\t\t\t\t<div class=\"elementor-column elementor-col-16 elementor-top-column elementor-element elementor-element-20da2b3\" data-id=\"20da2b3\" data-element_type=\"column\" data-e-type=\"column\">\n\t\t\t<div class=\"elementor-widget-wrap\">\n\t\t\t\t\t\t\t<\/div>\n\t\t<\/div>\n\t\t\t\t\t<\/div>\n\t\t<\/section>\n\t\t\t\t<\/div>\n\t\t","protected":false},"excerpt":{"rendered":"<p>About us EXPLORE MORE ABOUT US Located in the heart of the Historic Center of J\u00e1vea, La Trastienda offers you a careful selection of Spanish and Asian tapas made with the best local market raw materials.We accompany our gastronomic proposal with a wide selection of cavas and wines by the glass that constantly change on [&hellip;]<\/p>\n","protected":false},"author":1,"featured_media":2986,"parent":0,"menu_order":0,"comment_status":"closed","ping_status":"closed","template":"page-templates\/pagebuilder.php","meta":{"footnotes":""},"class_list":["post-12","page","type-page","status-publish","has-post-thumbnail","hentry"],"yoast_head":"<!-- This site is optimized with the Yoast SEO plugin v27.5 - https:\/\/yoast.com\/product\/yoast-seo-wordpress\/ -->\n<title>About us - La Trastienda - Wine &amp; Tapas Bar<\/title>\n<meta name=\"description\" content=\"Situada en el coraz\u00f3n del Casco Hist\u00f3rico de J\u00e1vea, La Trastienda os ofrece una cuidada selecci\u00f3n de tapas espa\u00f1olas y asi\u00e1ticas\" \/>\n<meta name=\"robots\" content=\"index, follow, max-snippet:-1, max-image-preview:large, max-video-preview:-1\" \/>\n<link rel=\"canonical\" href=\"https:\/\/www.latrastiendajavea.es\/en\/sobre-nosotros\/\" \/>\n<meta property=\"og:locale\" content=\"en_US\" \/>\n<meta property=\"og:type\" content=\"article\" \/>\n<meta property=\"og:title\" content=\"About us - La Trastienda - Wine &amp; Tapas Bar\" \/>\n<meta property=\"og:description\" content=\"Situada en el coraz\u00f3n del Casco Hist\u00f3rico de J\u00e1vea, La Trastienda os ofrece una cuidada selecci\u00f3n de tapas espa\u00f1olas y asi\u00e1ticas\" \/>\n<meta property=\"og:url\" content=\"https:\/\/www.latrastiendajavea.es\/en\/sobre-nosotros\/\" \/>\n<meta property=\"og:site_name\" content=\"La Trastienda - Wine &amp; Tapas Bar\" \/>\n<meta property=\"article:modified_time\" content=\"2021-08-17T16:46:30+00:00\" \/>\n<meta property=\"og:image\" content=\"https:\/\/www.latrastiendajavea.es\/wp-content\/uploads\/2021\/08\/SOBRENOSOTROS-LATRASTIENDA-DESTACADA_02.jpg\" \/>\n\t<meta property=\"og:image:width\" content=\"1200\" \/>\n\t<meta property=\"og:image:height\" content=\"628\" \/>\n\t<meta property=\"og:image:type\" content=\"image\/jpeg\" \/>\n<meta name=\"twitter:card\" content=\"summary_large_image\" \/>\n<meta name=\"twitter:label1\" content=\"Est. reading time\" \/>\n\t<meta name=\"twitter:data1\" content=\"2 minutes\" \/>\n<script type=\"application\/ld+json\" class=\"yoast-schema-graph\">{\"@context\":\"https:\\\/\\\/schema.org\",\"@graph\":[{\"@type\":\"WebPage\",\"@id\":\"https:\\\/\\\/www.latrastiendajavea.es\\\/en\\\/sobre-nosotros\\\/\",\"url\":\"https:\\\/\\\/www.latrastiendajavea.es\\\/en\\\/sobre-nosotros\\\/\",\"name\":\"About us - La Trastienda - Wine &amp; Tapas Bar\",\"isPartOf\":{\"@id\":\"https:\\\/\\\/www.latrastiendajavea.es\\\/en\\\/#website\"},\"primaryImageOfPage\":{\"@id\":\"https:\\\/\\\/www.latrastiendajavea.es\\\/en\\\/sobre-nosotros\\\/#primaryimage\"},\"image\":{\"@id\":\"https:\\\/\\\/www.latrastiendajavea.es\\\/sobre-nosotros\\\/#primaryimage\"},\"thumbnailUrl\":\"https:\\\/\\\/www.latrastiendajavea.es\\\/wp-content\\\/uploads\\\/2021\\\/08\\\/SOBRENOSOTROS-LATRASTIENDA-DESTACADA_02.jpg\",\"datePublished\":\"2019-05-13T06:55:11+00:00\",\"dateModified\":\"2021-08-17T16:46:30+00:00\",\"description\":\"Situada en el coraz\u00f3n del Casco Hist\u00f3rico de J\u00e1vea, La Trastienda os ofrece una cuidada selecci\u00f3n de tapas espa\u00f1olas y asi\u00e1ticas\",\"breadcrumb\":{\"@id\":\"https:\\\/\\\/www.latrastiendajavea.es\\\/en\\\/sobre-nosotros\\\/#breadcrumb\"},\"inLanguage\":\"en-US\",\"potentialAction\":[{\"@type\":\"ReadAction\",\"target\":[[\"https:\\\/\\\/www.latrastiendajavea.es\\\/en\\\/sobre-nosotros\\\/\"]]}]},{\"@type\":\"ImageObject\",\"inLanguage\":\"en-US\",\"@id\":\"https:\\\/\\\/www.latrastiendajavea.es\\\/en\\\/sobre-nosotros\\\/#primaryimage\",\"url\":\"https:\\\/\\\/www.latrastiendajavea.es\\\/wp-content\\\/uploads\\\/2021\\\/08\\\/SOBRENOSOTROS-LATRASTIENDA-DESTACADA_02.jpg\",\"contentUrl\":\"https:\\\/\\\/www.latrastiendajavea.es\\\/wp-content\\\/uploads\\\/2021\\\/08\\\/SOBRENOSOTROS-LATRASTIENDA-DESTACADA_02.jpg\",\"width\":1200,\"height\":628},{\"@type\":\"BreadcrumbList\",\"@id\":\"https:\\\/\\\/www.latrastiendajavea.es\\\/en\\\/sobre-nosotros\\\/#breadcrumb\",\"itemListElement\":[{\"@type\":\"ListItem\",\"position\":1,\"name\":\"Portada\",\"item\":\"https:\\\/\\\/www.latrastiendajavea.es\\\/en\\\/\"},{\"@type\":\"ListItem\",\"position\":2,\"name\":\"Sobre nosotros\"}]},{\"@type\":\"WebSite\",\"@id\":\"https:\\\/\\\/www.latrastiendajavea.es\\\/en\\\/#website\",\"url\":\"https:\\\/\\\/www.latrastiendajavea.es\\\/en\\\/\",\"name\":\"La Trastienda - Wine &amp; Tapas Bar\",\"description\":\"Wine, tapas and fusion cuisine\",\"publisher\":{\"@id\":\"https:\\\/\\\/www.latrastiendajavea.es\\\/en\\\/#organization\"},\"potentialAction\":[{\"@type\":\"SearchAction\",\"target\":{\"@type\":\"EntryPoint\",\"urlTemplate\":\"https:\\\/\\\/www.latrastiendajavea.es\\\/en\\\/?s={search_term_string}\"},\"query-input\":{\"@type\":\"PropertyValueSpecification\",\"valueRequired\":true,\"valueName\":\"search_term_string\"}}],\"inLanguage\":\"en-US\"},{\"@type\":\"Organization\",\"@id\":\"https:\\\/\\\/www.latrastiendajavea.es\\\/en\\\/#organization\",\"name\":\"La Trastienda - Wine &amp; Tapas Bar\",\"url\":\"https:\\\/\\\/www.latrastiendajavea.es\\\/en\\\/\",\"logo\":{\"@type\":\"ImageObject\",\"inLanguage\":\"en-US\",\"@id\":\"https:\\\/\\\/www.latrastiendajavea.es\\\/en\\\/#\\\/schema\\\/logo\\\/image\\\/\",\"url\":\"https:\\\/\\\/www.latrastiendajavea.es\\\/wp-content\\\/uploads\\\/2021\\\/07\\\/logo-trastienda-100.svg\",\"contentUrl\":\"https:\\\/\\\/www.latrastiendajavea.es\\\/wp-content\\\/uploads\\\/2021\\\/07\\\/logo-trastienda-100.svg\",\"width\":185,\"height\":100,\"caption\":\"La Trastienda - Wine &amp; Tapas Bar\"},\"image\":{\"@id\":\"https:\\\/\\\/www.latrastiendajavea.es\\\/en\\\/#\\\/schema\\\/logo\\\/image\\\/\"}}]}<\/script>\n<!-- \/ Yoast SEO plugin. -->","yoast_head_json":{"title":"About us - La Trastienda - Wine &amp; Tapas Bar","description":"Situada en el coraz\u00f3n del Casco Hist\u00f3rico de J\u00e1vea, La Trastienda os ofrece una cuidada selecci\u00f3n de tapas espa\u00f1olas y asi\u00e1ticas","robots":{"index":"index","follow":"follow","max-snippet":"max-snippet:-1","max-image-preview":"max-image-preview:large","max-video-preview":"max-video-preview:-1"},"canonical":"https:\/\/www.latrastiendajavea.es\/en\/sobre-nosotros\/","og_locale":"en_US","og_type":"article","og_title":"About us - La Trastienda - Wine &amp; Tapas Bar","og_description":"Situada en el coraz\u00f3n del Casco Hist\u00f3rico de J\u00e1vea, La Trastienda os ofrece una cuidada selecci\u00f3n de tapas espa\u00f1olas y asi\u00e1ticas","og_url":"https:\/\/www.latrastiendajavea.es\/en\/sobre-nosotros\/","og_site_name":"La Trastienda - Wine &amp; Tapas Bar","article_modified_time":"2021-08-17T16:46:30+00:00","og_image":[{"width":1200,"height":628,"url":"https:\/\/www.latrastiendajavea.es\/wp-content\/uploads\/2021\/08\/SOBRENOSOTROS-LATRASTIENDA-DESTACADA_02.jpg","type":"image\/jpeg"}],"twitter_card":"summary_large_image","twitter_misc":{"Est. reading time":"2 minutes"},"schema":{"@context":"https:\/\/schema.org","@graph":[{"@type":"WebPage","@id":"https:\/\/www.latrastiendajavea.es\/en\/sobre-nosotros\/","url":"https:\/\/www.latrastiendajavea.es\/en\/sobre-nosotros\/","name":"About us - La Trastienda - Wine &amp; Tapas Bar","isPartOf":{"@id":"https:\/\/www.latrastiendajavea.es\/en\/#website"},"primaryImageOfPage":{"@id":"https:\/\/www.latrastiendajavea.es\/en\/sobre-nosotros\/#primaryimage"},"image":{"@id":"https:\/\/www.latrastiendajavea.es\/sobre-nosotros\/#primaryimage"},"thumbnailUrl":"https:\/\/www.latrastiendajavea.es\/wp-content\/uploads\/2021\/08\/SOBRENOSOTROS-LATRASTIENDA-DESTACADA_02.jpg","datePublished":"2019-05-13T06:55:11+00:00","dateModified":"2021-08-17T16:46:30+00:00","description":"Situada en el coraz\u00f3n del Casco Hist\u00f3rico de J\u00e1vea, La Trastienda os ofrece una cuidada selecci\u00f3n de tapas espa\u00f1olas y asi\u00e1ticas","breadcrumb":{"@id":"https:\/\/www.latrastiendajavea.es\/en\/sobre-nosotros\/#breadcrumb"},"inLanguage":"en-US","potentialAction":[{"@type":"ReadAction","target":[["https:\/\/www.latrastiendajavea.es\/en\/sobre-nosotros\/"]]}]},{"@type":"ImageObject","inLanguage":"en-US","@id":"https:\/\/www.latrastiendajavea.es\/en\/sobre-nosotros\/#primaryimage","url":"https:\/\/www.latrastiendajavea.es\/wp-content\/uploads\/2021\/08\/SOBRENOSOTROS-LATRASTIENDA-DESTACADA_02.jpg","contentUrl":"https:\/\/www.latrastiendajavea.es\/wp-content\/uploads\/2021\/08\/SOBRENOSOTROS-LATRASTIENDA-DESTACADA_02.jpg","width":1200,"height":628},{"@type":"BreadcrumbList","@id":"https:\/\/www.latrastiendajavea.es\/en\/sobre-nosotros\/#breadcrumb","itemListElement":[{"@type":"ListItem","position":1,"name":"Portada","item":"https:\/\/www.latrastiendajavea.es\/en\/"},{"@type":"ListItem","position":2,"name":"Sobre nosotros"}]},{"@type":"WebSite","@id":"https:\/\/www.latrastiendajavea.es\/en\/#website","url":"https:\/\/www.latrastiendajavea.es\/en\/","name":"La Trastienda - Wine &amp; Tapas Bar","description":"Wine, tapas and fusion cuisine","publisher":{"@id":"https:\/\/www.latrastiendajavea.es\/en\/#organization"},"potentialAction":[{"@type":"SearchAction","target":{"@type":"EntryPoint","urlTemplate":"https:\/\/www.latrastiendajavea.es\/en\/?s={search_term_string}"},"query-input":{"@type":"PropertyValueSpecification","valueRequired":true,"valueName":"search_term_string"}}],"inLanguage":"en-US"},{"@type":"Organization","@id":"https:\/\/www.latrastiendajavea.es\/en\/#organization","name":"La Trastienda - Wine &amp; Tapas Bar","url":"https:\/\/www.latrastiendajavea.es\/en\/","logo":{"@type":"ImageObject","inLanguage":"en-US","@id":"https:\/\/www.latrastiendajavea.es\/en\/#\/schema\/logo\/image\/","url":"https:\/\/www.latrastiendajavea.es\/wp-content\/uploads\/2021\/07\/logo-trastienda-100.svg","contentUrl":"https:\/\/www.latrastiendajavea.es\/wp-content\/uploads\/2021\/07\/logo-trastienda-100.svg","width":185,"height":100,"caption":"La Trastienda - Wine &amp; Tapas Bar"},"image":{"@id":"https:\/\/www.latrastiendajavea.es\/en\/#\/schema\/logo\/image\/"}}]}},"_links":{"self":[{"href":"https:\/\/www.latrastiendajavea.es\/en\/wp-json\/wp\/v2\/pages\/12","targetHints":{"allow":["GET"]}}],"collection":[{"href":"https:\/\/www.latrastiendajavea.es\/en\/wp-json\/wp\/v2\/pages"}],"about":[{"href":"https:\/\/www.latrastiendajavea.es\/en\/wp-json\/wp\/v2\/types\/page"}],"author":[{"embeddable":true,"href":"https:\/\/www.latrastiendajavea.es\/en\/wp-json\/wp\/v2\/users\/1"}],"replies":[{"embeddable":true,"href":"https:\/\/www.latrastiendajavea.es\/en\/wp-json\/wp\/v2\/comments?post=12"}],"version-history":[{"count":95,"href":"https:\/\/www.latrastiendajavea.es\/en\/wp-json\/wp\/v2\/pages\/12\/revisions"}],"predecessor-version":[{"id":2987,"href":"https:\/\/www.latrastiendajavea.es\/en\/wp-json\/wp\/v2\/pages\/12\/revisions\/2987"}],"wp:featuredmedia":[{"embeddable":true,"href":"https:\/\/www.latrastiendajavea.es\/en\/wp-json\/wp\/v2\/media\/2986"}],"wp:attachment":[{"href":"https:\/\/www.latrastiendajavea.es\/en\/wp-json\/wp\/v2\/media?parent=12"}],"curies":[{"name":"wp","href":"https:\/\/api.w.org\/{rel}","templated":true}]}}