{"id":1956,"date":"2021-07-26T14:57:07","date_gmt":"2021-07-26T14:57:07","guid":{"rendered":"https:\/\/latrastienda.softblue.es\/?page_id=1956"},"modified":"2021-07-26T18:03:24","modified_gmt":"2021-07-26T18:03:24","slug":"politica-de-privacidad","status":"publish","type":"page","link":"https:\/\/www.latrastiendajavea.es\/en\/politica-de-privacidad\/","title":{"rendered":"Privacy policy"},"content":{"rendered":"\t\t<div data-elementor-type=\"wp-page\" data-elementor-id=\"1956\" class=\"elementor elementor-1956\">\n\t\t\t\t\t\t<section class=\"elementor-section elementor-top-section elementor-element elementor-element-cc1b667 elementor-section-boxed elementor-section-height-default elementor-section-height-default\" data-id=\"cc1b667\" data-element_type=\"section\" data-e-type=\"section\">\n\t\t\t\t\t\t<div class=\"elementor-container elementor-column-gap-default\">\n\t\t\t\t\t<div class=\"elementor-column elementor-col-100 elementor-top-column elementor-element elementor-element-94d579d\" data-id=\"94d579d\" data-element_type=\"column\" data-e-type=\"column\">\n\t\t\t<div class=\"elementor-widget-wrap elementor-element-populated\">\n\t\t\t\t\t\t<div class=\"elementor-element elementor-element-083005e elementor-widget elementor-widget-spacer\" data-id=\"083005e\" data-element_type=\"widget\" data-e-type=\"widget\" data-widget_type=\"spacer.default\">\n\t\t\t\t<div class=\"elementor-widget-container\">\n\t\t\t\t\t\t\t<div class=\"elementor-spacer\">\n\t\t\t<div class=\"elementor-spacer-inner\"><\/div>\n\t\t<\/div>\n\t\t\t\t\t\t<\/div>\n\t\t\t\t<\/div>\n\t\t\t\t<div class=\"elementor-element elementor-element-ac2e95e elementor-widget elementor-widget-text-editor\" data-id=\"ac2e95e\" data-element_type=\"widget\" data-e-type=\"widget\" data-widget_type=\"text-editor.default\">\n\t\t\t\t<div class=\"elementor-widget-container\">\n\t\t\t\t\t\t\t\t\t<h3 class=\"widget-title\"><strong style=\"font-family: 'Cormorant Garamond'; font-size: 1.5rem; font-style: inherit;\">RESPONSABLE DEL TRATAMIENTO DE TUS DATOS PERSONALES<\/strong><\/h3><ul><li><strong>Identidad del Responsable<\/strong>: La Trastienda de Vinos y Viandas, S.L.<\/li><li><strong>Nombre comercial<\/strong>: La Trastienda<\/li><li><strong>NIF\/CIF<\/strong>: B54400825<\/li><li><strong>Direcci\u00f3n<\/strong>: C\/ Pr\u00edncipe de Asturias, 4 &#8211; J\u00e1vea\/X\u00e0bia, CP. 03730, provincia de Alicante\/Alacant<\/li><li><strong>Correo electr\u00f3nico<\/strong>: info@latrastiendajavea.es<\/li><\/ul><h4><strong>\u00bfPARA QU\u00c9 TRATAMOS TUS DATOS?<\/strong><\/h4><p>En\u00a0<strong>La Trastienda de Vinos y Viandas, S.L.<\/strong>\u00a0tratamos los datos del cliente para la prestaci\u00f3n del servicio, as\u00ed como para otras finalidades que el mismo permita en los t\u00e9rminos informados en la presente Pol\u00edtica de Privacidad. Adicionalmente, durante la vigencia de la relaci\u00f3n contractual, se podr\u00e1n incorporar otros datos para \u00e9stas u otras finalidades, en cuyo caso el cliente ser\u00e1 debidamente informado en el momento de la recogida de los mismos.<\/p><p>El cliente ser\u00e1 el \u00fanico responsable de toda la informaci\u00f3n que proporcione a\u00a0<strong>La Trastienda de Vinos y Viandas, S.L.<\/strong>\u00a0para la gesti\u00f3n y contrataci\u00f3n de los productos y servicios, garantizando que est\u00e1 facultado y, en su caso, ha obtenido el consentimiento del resto de usuarios o interlocutores para la entrega.\u00a0<strong>La Trastienda de Vinos y Viandas, S.L.<\/strong>\u00a0no se responsabilizan de la utilizaci\u00f3n de datos falsos, inexactos, incompletos, no actualizados proporcionados por el cliente.<\/p><p>Existen otras finalidades por la que trato tus datos personales:<\/p><ul><li>Para garantizar el cumplimiento de las condiciones de uso y la ley aplicable. Esto puede incluir el desarrollo de herramientas y algoritmos que ayudan a esta web a garantizar la confidencialidad de los datos personales que recoge.<\/li><li>Para apoyar y mejorar los servicios que ofrece esta web.<\/li><\/ul><h4><strong>\u00bfQU\u00c9 DERECHOS TENGO Y C\u00d3MO PUEDO EJERCERLOS?<\/strong><\/h4><p>La normativa de protecci\u00f3n de datos le garantiza los siguientes derechos:<\/p><ul><li><strong>Acceso<\/strong>: Permite conocer qu\u00e9 informaci\u00f3n se tiene, de d\u00f3nde se ha obtenido, a qui\u00e9n se ha facilitado y con qu\u00e9 usos se ha tratado.<\/li><li><strong>Rectificaci\u00f3n<\/strong>: Permite rectificar alg\u00fan dato err\u00f3neo o desactualizado<\/li><li><strong>Supresi\u00f3n<\/strong>: Permite conseguir que se dejen de tratar sus datos.<\/li><li><strong>Oposici\u00f3n<\/strong>: Permite conseguir que se dejen de utilizar sus datos con una finalidad concreta en determinadas circunstancias.<\/li><li><strong>Limitaci\u00f3n<\/strong>: Permite restringir el tratamiento de sus datos, pero de forma que sean conservados para alguna finalidad posterior.<\/li><li><strong>Portabilidad<\/strong>: Permite obtener una copia de sus datos en formato electr\u00f3nico y, en determinadas circunstancias, solicitar que sean comunicados a otro prestador de servicios. S\u00f3lo es aplicable para tratamientos informatizados realizados con su consentimiento o para el cumplimiento de un contrato.<\/li><li><strong>Revocaci\u00f3n del consentimiento<\/strong>: Permite retirar el consentimiento que, en su caso, haya prestado para el tratamiento de sus datos.<\/li><\/ul><p>Para ejercer cualquiera de estos derechos, ser\u00e1 necesario que pueda acreditar su identidad y vincular dicha identidad con los datos tratados por\u00a0<strong>La Trastienda de Vinos y Viandas, S.L.<\/strong>.<\/p><p>Estos derechos podr\u00e1n ser ejercidos por correo postal al domicilio indicado anteriormente o enviando un email a la direcci\u00f3n electr\u00f3nica del responsable del tratamiento de los datos.<\/p><h4><strong>MEDIDAS DE SEGURIDAD<\/strong><\/h4><p>De conformidad con lo dispuesto en las normativas vigentes en materia de protecci\u00f3n de datos personales,\u00a0<strong>La Trastienda de Vinos y Viandas, S.L.<\/strong>\u00a0est\u00e1 cumpliendo con todas las disposiciones de las normativas RGPD y LOPDGDD para el tratamiento de los datos personales de su responsabilidad, los cuales son tratados de manera l\u00edcita, leal y transparente en relaci\u00f3n con el interesado y adecuados, pertinentes y limitados a lo necesario en relaci\u00f3n con los fines para los que son tratados.<\/p><p><strong>La Trastienda de Vinos y Viandas, S.L.<\/strong>\u00a0garantiza que ha implementado pol\u00edticas t\u00e9cnicas y organizativas apropiadas para aplicar las medidas de seguridad que establecen el RGPD y la LOPDGDD con el fin de proteger los derechos y libertades de los usuarios y les ha comunicado la informaci\u00f3n adecuada para que puedan ejercerlos.<\/p><h4><strong>DESTINATARIOS DE LOS DATOS PERSONALES<\/strong><\/h4><p>En algunos casos, es necesario que comuniquemos la informaci\u00f3n que nos ha proporcionado a empresas que nos prestan servicios relacionados con las tecnolog\u00edas de la informaci\u00f3n o a agencias de marketing, con quienes externalizamos determinados servicios relacionados con los tratamientos de datos que realizamos. En estos casos, nos aseguramos que dichos terceros cumplen con la normativa sobre protecci\u00f3n de datos de car\u00e1cter personal.<\/p><p>No se comunicar\u00e1n datos a otros terceros, salvo obligaci\u00f3n legal. No se prev\u00e9n transferencias de Datos Personales a terceros pa\u00edses u organizaciones internacionales.<\/p><h4><strong>PLAZOS DE CONSERVACI\u00d3N DE LA INFORMACI\u00d3N<\/strong><\/h4><p>Se informa al cliente de que, en cumplimiento del principio de limitaci\u00f3n del plazo de conservaci\u00f3n, los datos recogidos ser\u00e1n tratados \u00fanica y exclusivamente durante el tiempo necesario y para las finalidades para las que se hayan recabado en cada momento. Ser\u00e1n pues mantenidos de forma que se permita la identificaci\u00f3n de los interesados durante no m\u00e1s tiempo del necesario para los fines del tratamiento de los datos personales.<\/p><h4><strong>LEGITIMACI\u00d3N<\/strong><\/h4><p>La base legal para el tratamiento de los datos personales est\u00e1 basada en el consentimiento expreso del propio interesado o en su caso en la ejecuci\u00f3n de un contrato y\/o servicio. En cualquier momento se podr\u00e1 ejercer el derecho a retirar el consentimiento sin que ello afecte a la licitud del tratamiento basado en el consentimiento previo a su retirada.<\/p><h4><strong>DESTINATARIOS<\/strong><\/h4><p>Los datos ser\u00e1n utilizados por\u00a0<strong>La Trastienda de Vinos y Viandas, S.L.<\/strong>. Tambi\u00e9n podr\u00e1 comunicar leg\u00edtimamente los datos personales con los encargados de tratamiento para la ejecuci\u00f3n de un contrato o prestaci\u00f3n de un servicio a\u00a0<strong>La Trastienda de Vinos y Viandas, S.L.<\/strong>, siguiendo por ello sus instrucciones en todo momento y asegurando los mismos niveles de seguridad.<\/p><h4><strong>EJERCICIO DE DERECHOS<\/strong><\/h4><p><strong>La Trastienda de Vinos y Viandas, S.L.<\/strong>\u00a0garantiza la adopci\u00f3n de las medidas necesarias para asegurar al interlocutor el ejercicio gratuito de los derechos que le correspondan de acceso, rectificaci\u00f3n, supresi\u00f3n, limitaci\u00f3n, oposici\u00f3n y portabilidad, siendo necesario a tal efecto, en su caso, que se adjunte copia de su documento oficial de identificaci\u00f3n a trav\u00e9s de los siguientes medios:<\/p><ul><li>Para el ejercicio de cualquiera de los derechos citados anteriormente, dirigiendo un escrito postal, indicando en la solicitud qu\u00e9 derecho ejerce, a\u00a0<strong>La Trastienda de Vinos y Viandas, S.L.<\/strong>:\u00a0<strong>C\/ Pr\u00edncipe de Asturias, 4 &#8211; 03730, J\u00e1vea\/X\u00e0bia (Alicante\/Alacant)<\/strong><\/li><li>Escribiendo un correo electr\u00f3nico a trav\u00e9s de la siguiente direcci\u00f3n, aportando la misma informaci\u00f3n expuesta en el apartado anterior, a: info@latrastiendajavea.es<\/li><\/ul><p>Por \u00faltimo, el cliente tendr\u00e1 derecho a presentar reclamaci\u00f3n ante la autoridad nacional de control, a estos efectos debe dirigirse a la Agencia Espa\u00f1ola de Protecci\u00f3n de Datos, cuyos datos de contacto son los siguientes:<\/p><p><strong>Agencia Espa\u00f1ola de Protecci\u00f3n de Datos<\/strong>\u00a0&#8211; C\/ Jorge Juan, 6 &#8211; 28001 Madrid &#8211; Tel\u00e9fonos: 901 100 099 \/ 91 266 35 17<\/p><h4><strong>COOKIES<\/strong><\/h4><p>Al igual que otros portales de Internet, el sitio web de\u00a0<strong>La Trastienda de Vinos y Viandas, S.L.<\/strong>\u00a0utiliza una tecnolog\u00eda denominada &#8220;cookies&#8221; para recabar informaci\u00f3n sobre las interacciones de los usuarios y forma de utilizaci\u00f3n de las p\u00e1ginas web.<\/p><p>Si deseas obtener informaci\u00f3n detallada sobre c\u00f3mo\u00a0<strong>La Trastienda de Vinos y Viandas, S.L.<\/strong>\u00a0utiliza las cookies, puedes consultar la informaci\u00f3n detallada en nuestra p\u00e1gina Pol\u00edtica de Cookies situada en el pie de p\u00e1gina.<\/p><h4><strong>COMUNICACIONES COMERCIALES<\/strong><\/h4><p>En aplicaci\u00f3n de la LSSI.\u00a0<strong>La Trastienda de Vinos y Viandas, S.L.<\/strong>\u00a0no enviar\u00e1 comunicaciones publicitarias o promocionales por correo electr\u00f3nico u otro medio de comunicaci\u00f3n electr\u00f3nica equivalente que previamente no hubieran sido solicitadas o expresamente autorizadas por los destinatarios de las mismas. En el caso de usuarios con los que exista una relaci\u00f3n contractual previa,\u00a0<strong>La Trastienda de Vinos y Viandas, S.L.<\/strong>\u00a0s\u00ed est\u00e1 autorizado al env\u00edo de comunicaciones comerciales referentes a productos o servicios de\u00a0<strong>La Trastienda de Vinos y Viandas, S.L.<\/strong>\u00a0que sean similares a los que inicialmente fueron objeto de contrataci\u00f3n con el cliente. En todo caso, el usuario, tras acreditar su identidad, podr\u00e1 solicitar que no se le haga llegar m\u00e1s informaci\u00f3n comercial a trav\u00e9s de los canales de contacto publicados en el sitio web de\u00a0<strong>La Trastienda de Vinos y Viandas, S.L.<\/strong>.<\/p>\t\t\t\t\t\t\t\t<\/div>\n\t\t\t\t<\/div>\n\t\t\t\t\t<\/div>\n\t\t<\/div>\n\t\t\t\t\t<\/div>\n\t\t<\/section>\n\t\t\t\t<\/div>\n\t\t","protected":false},"excerpt":{"rendered":"<p>RESPONSABLE DEL TRATAMIENTO DE TUS DATOS PERSONALES Identidad del Responsable: La Trastienda de Vinos y Viandas, S.L. Nombre comercial: La Trastienda NIF\/CIF: B54400825 Direcci\u00f3n: C\/ Pr\u00edncipe de Asturias, 4 &#8211; J\u00e1vea\/X\u00e0bia, CP. 03730, provincia de Alicante\/Alacant Correo electr\u00f3nico: info@latrastiendajavea.es \u00bfPARA QU\u00c9 TRATAMOS TUS DATOS? En\u00a0La Trastienda de Vinos y Viandas, S.L.\u00a0tratamos los datos del cliente [&hellip;]<\/p>\n","protected":false},"author":1,"featured_media":0,"parent":0,"menu_order":0,"comment_status":"closed","ping_status":"closed","template":"elementor_header_footer","meta":{"footnotes":""},"class_list":["post-1956","page","type-page","status-publish","hentry"],"yoast_head":"<!-- This site is optimized with the Yoast SEO plugin v27.4 - https:\/\/yoast.com\/product\/yoast-seo-wordpress\/ -->\n<title>Privacy policy - La Trastienda - Wine &amp; Tapas Bar<\/title>\n<meta name=\"robots\" content=\"index, follow, max-snippet:-1, max-image-preview:large, max-video-preview:-1\" \/>\n<link rel=\"canonical\" href=\"https:\/\/www.latrastiendajavea.es\/en\/politica-de-privacidad\/\" \/>\n<meta property=\"og:locale\" content=\"en_US\" \/>\n<meta property=\"og:type\" content=\"article\" \/>\n<meta property=\"og:title\" content=\"Privacy policy - La Trastienda - Wine &amp; Tapas Bar\" \/>\n<meta property=\"og:description\" content=\"RESPONSABLE DEL TRATAMIENTO DE TUS DATOS PERSONALES Identidad del Responsable: La Trastienda de Vinos y Viandas, S.L. Nombre comercial: La Trastienda NIF\/CIF: B54400825 Direcci\u00f3n: C\/ Pr\u00edncipe de Asturias, 4 &#8211; J\u00e1vea\/X\u00e0bia, CP. 03730, provincia de Alicante\/Alacant Correo electr\u00f3nico: info@latrastiendajavea.es \u00bfPARA QU\u00c9 TRATAMOS TUS DATOS? En\u00a0La Trastienda de Vinos y Viandas, S.L.\u00a0tratamos los datos del cliente [&hellip;]\" \/>\n<meta property=\"og:url\" content=\"https:\/\/www.latrastiendajavea.es\/en\/politica-de-privacidad\/\" \/>\n<meta property=\"og:site_name\" content=\"La Trastienda - Wine &amp; Tapas Bar\" \/>\n<meta property=\"article:modified_time\" content=\"2021-07-26T18:03:24+00:00\" \/>\n<meta name=\"twitter:card\" content=\"summary_large_image\" \/>\n<meta name=\"twitter:label1\" content=\"Est. reading time\" \/>\n\t<meta name=\"twitter:data1\" content=\"6 minutes\" \/>\n<script type=\"application\/ld+json\" class=\"yoast-schema-graph\">{\"@context\":\"https:\\\/\\\/schema.org\",\"@graph\":[{\"@type\":\"WebPage\",\"@id\":\"https:\\\/\\\/www.latrastiendajavea.es\\\/en\\\/politica-de-privacidad\\\/\",\"url\":\"https:\\\/\\\/www.latrastiendajavea.es\\\/en\\\/politica-de-privacidad\\\/\",\"name\":\"Privacy policy - La Trastienda - Wine &amp; Tapas Bar\",\"isPartOf\":{\"@id\":\"https:\\\/\\\/www.latrastiendajavea.es\\\/en\\\/#website\"},\"datePublished\":\"2021-07-26T14:57:07+00:00\",\"dateModified\":\"2021-07-26T18:03:24+00:00\",\"breadcrumb\":{\"@id\":\"https:\\\/\\\/www.latrastiendajavea.es\\\/en\\\/politica-de-privacidad\\\/#breadcrumb\"},\"inLanguage\":\"en-US\",\"potentialAction\":[{\"@type\":\"ReadAction\",\"target\":[[\"https:\\\/\\\/www.latrastiendajavea.es\\\/en\\\/politica-de-privacidad\\\/\"]]}]},{\"@type\":\"BreadcrumbList\",\"@id\":\"https:\\\/\\\/www.latrastiendajavea.es\\\/en\\\/politica-de-privacidad\\\/#breadcrumb\",\"itemListElement\":[{\"@type\":\"ListItem\",\"position\":1,\"name\":\"Portada\",\"item\":\"https:\\\/\\\/www.latrastiendajavea.es\\\/en\\\/\"},{\"@type\":\"ListItem\",\"position\":2,\"name\":\"Privacy policy\"}]},{\"@type\":\"WebSite\",\"@id\":\"https:\\\/\\\/www.latrastiendajavea.es\\\/en\\\/#website\",\"url\":\"https:\\\/\\\/www.latrastiendajavea.es\\\/en\\\/\",\"name\":\"La Trastienda - Wine &amp; Tapas Bar\",\"description\":\"Wine, tapas and fusion cuisine\",\"publisher\":{\"@id\":\"https:\\\/\\\/www.latrastiendajavea.es\\\/en\\\/#organization\"},\"potentialAction\":[{\"@type\":\"SearchAction\",\"target\":{\"@type\":\"EntryPoint\",\"urlTemplate\":\"https:\\\/\\\/www.latrastiendajavea.es\\\/en\\\/?s={search_term_string}\"},\"query-input\":{\"@type\":\"PropertyValueSpecification\",\"valueRequired\":true,\"valueName\":\"search_term_string\"}}],\"inLanguage\":\"en-US\"},{\"@type\":\"Organization\",\"@id\":\"https:\\\/\\\/www.latrastiendajavea.es\\\/en\\\/#organization\",\"name\":\"La Trastienda - Wine &amp; Tapas Bar\",\"url\":\"https:\\\/\\\/www.latrastiendajavea.es\\\/en\\\/\",\"logo\":{\"@type\":\"ImageObject\",\"inLanguage\":\"en-US\",\"@id\":\"https:\\\/\\\/www.latrastiendajavea.es\\\/en\\\/#\\\/schema\\\/logo\\\/image\\\/\",\"url\":\"https:\\\/\\\/www.latrastiendajavea.es\\\/wp-content\\\/uploads\\\/2021\\\/07\\\/logo-trastienda-100.svg\",\"contentUrl\":\"https:\\\/\\\/www.latrastiendajavea.es\\\/wp-content\\\/uploads\\\/2021\\\/07\\\/logo-trastienda-100.svg\",\"width\":185,\"height\":100,\"caption\":\"La Trastienda - Wine &amp; Tapas Bar\"},\"image\":{\"@id\":\"https:\\\/\\\/www.latrastiendajavea.es\\\/en\\\/#\\\/schema\\\/logo\\\/image\\\/\"}}]}<\/script>\n<!-- \/ Yoast SEO plugin. -->","yoast_head_json":{"title":"Privacy policy - La Trastienda - Wine &amp; Tapas Bar","robots":{"index":"index","follow":"follow","max-snippet":"max-snippet:-1","max-image-preview":"max-image-preview:large","max-video-preview":"max-video-preview:-1"},"canonical":"https:\/\/www.latrastiendajavea.es\/en\/politica-de-privacidad\/","og_locale":"en_US","og_type":"article","og_title":"Privacy policy - La Trastienda - Wine &amp; Tapas Bar","og_description":"RESPONSABLE DEL TRATAMIENTO DE TUS DATOS PERSONALES Identidad del Responsable: La Trastienda de Vinos y Viandas, S.L. Nombre comercial: La Trastienda NIF\/CIF: B54400825 Direcci\u00f3n: C\/ Pr\u00edncipe de Asturias, 4 &#8211; J\u00e1vea\/X\u00e0bia, CP. 03730, provincia de Alicante\/Alacant Correo electr\u00f3nico: info@latrastiendajavea.es \u00bfPARA QU\u00c9 TRATAMOS TUS DATOS? En\u00a0La Trastienda de Vinos y Viandas, S.L.\u00a0tratamos los datos del cliente [&hellip;]","og_url":"https:\/\/www.latrastiendajavea.es\/en\/politica-de-privacidad\/","og_site_name":"La Trastienda - Wine &amp; Tapas Bar","article_modified_time":"2021-07-26T18:03:24+00:00","twitter_card":"summary_large_image","twitter_misc":{"Est. reading time":"6 minutes"},"schema":{"@context":"https:\/\/schema.org","@graph":[{"@type":"WebPage","@id":"https:\/\/www.latrastiendajavea.es\/en\/politica-de-privacidad\/","url":"https:\/\/www.latrastiendajavea.es\/en\/politica-de-privacidad\/","name":"Privacy policy - La Trastienda - Wine &amp; Tapas Bar","isPartOf":{"@id":"https:\/\/www.latrastiendajavea.es\/en\/#website"},"datePublished":"2021-07-26T14:57:07+00:00","dateModified":"2021-07-26T18:03:24+00:00","breadcrumb":{"@id":"https:\/\/www.latrastiendajavea.es\/en\/politica-de-privacidad\/#breadcrumb"},"inLanguage":"en-US","potentialAction":[{"@type":"ReadAction","target":[["https:\/\/www.latrastiendajavea.es\/en\/politica-de-privacidad\/"]]}]},{"@type":"BreadcrumbList","@id":"https:\/\/www.latrastiendajavea.es\/en\/politica-de-privacidad\/#breadcrumb","itemListElement":[{"@type":"ListItem","position":1,"name":"Portada","item":"https:\/\/www.latrastiendajavea.es\/en\/"},{"@type":"ListItem","position":2,"name":"Privacy policy"}]},{"@type":"WebSite","@id":"https:\/\/www.latrastiendajavea.es\/en\/#website","url":"https:\/\/www.latrastiendajavea.es\/en\/","name":"La Trastienda - Wine &amp; Tapas Bar","description":"Wine, tapas and fusion cuisine","publisher":{"@id":"https:\/\/www.latrastiendajavea.es\/en\/#organization"},"potentialAction":[{"@type":"SearchAction","target":{"@type":"EntryPoint","urlTemplate":"https:\/\/www.latrastiendajavea.es\/en\/?s={search_term_string}"},"query-input":{"@type":"PropertyValueSpecification","valueRequired":true,"valueName":"search_term_string"}}],"inLanguage":"en-US"},{"@type":"Organization","@id":"https:\/\/www.latrastiendajavea.es\/en\/#organization","name":"La Trastienda - Wine &amp; Tapas Bar","url":"https:\/\/www.latrastiendajavea.es\/en\/","logo":{"@type":"ImageObject","inLanguage":"en-US","@id":"https:\/\/www.latrastiendajavea.es\/en\/#\/schema\/logo\/image\/","url":"https:\/\/www.latrastiendajavea.es\/wp-content\/uploads\/2021\/07\/logo-trastienda-100.svg","contentUrl":"https:\/\/www.latrastiendajavea.es\/wp-content\/uploads\/2021\/07\/logo-trastienda-100.svg","width":185,"height":100,"caption":"La Trastienda - Wine &amp; Tapas Bar"},"image":{"@id":"https:\/\/www.latrastiendajavea.es\/en\/#\/schema\/logo\/image\/"}}]}},"_links":{"self":[{"href":"https:\/\/www.latrastiendajavea.es\/en\/wp-json\/wp\/v2\/pages\/1956","targetHints":{"allow":["GET"]}}],"collection":[{"href":"https:\/\/www.latrastiendajavea.es\/en\/wp-json\/wp\/v2\/pages"}],"about":[{"href":"https:\/\/www.latrastiendajavea.es\/en\/wp-json\/wp\/v2\/types\/page"}],"author":[{"embeddable":true,"href":"https:\/\/www.latrastiendajavea.es\/en\/wp-json\/wp\/v2\/users\/1"}],"replies":[{"embeddable":true,"href":"https:\/\/www.latrastiendajavea.es\/en\/wp-json\/wp\/v2\/comments?post=1956"}],"version-history":[{"count":4,"href":"https:\/\/www.latrastiendajavea.es\/en\/wp-json\/wp\/v2\/pages\/1956\/revisions"}],"predecessor-version":[{"id":2008,"href":"https:\/\/www.latrastiendajavea.es\/en\/wp-json\/wp\/v2\/pages\/1956\/revisions\/2008"}],"wp:attachment":[{"href":"https:\/\/www.latrastiendajavea.es\/en\/wp-json\/wp\/v2\/media?parent=1956"}],"curies":[{"name":"wp","href":"https:\/\/api.w.org\/{rel}","templated":true}]}}