{"id":2018,"date":"2021-07-26T19:41:31","date_gmt":"2021-07-26T19:41:31","guid":{"rendered":"https:\/\/latrastienda.softblue.es\/?page_id=2018"},"modified":"2021-08-17T16:43:33","modified_gmt":"2021-08-17T16:43:33","slug":"reservas","status":"publish","type":"page","link":"https:\/\/www.latrastiendajavea.es\/en\/reservas\/","title":{"rendered":"Reservations"},"content":{"rendered":"\t\t<div data-elementor-type=\"wp-page\" data-elementor-id=\"2018\" class=\"elementor elementor-2018\">\n\t\t\t\t\t\t<section class=\"elementor-section elementor-top-section elementor-element elementor-element-deb4239 elementor-section-content-middle elementor-section-stretched elementor-section-boxed elementor-section-height-default elementor-section-height-default\" data-id=\"deb4239\" data-element_type=\"section\" data-e-type=\"section\" data-settings=\"{&quot;stretch_section&quot;:&quot;section-stretched&quot;,&quot;background_background&quot;:&quot;classic&quot;}\">\n\t\t\t\t\t\t\t<div class=\"elementor-background-overlay\"><\/div>\n\t\t\t\t\t\t\t<div class=\"elementor-container elementor-column-gap-default\">\n\t\t\t\t\t<div class=\"elementor-column elementor-col-33 elementor-top-column elementor-element elementor-element-92c33e2\" data-id=\"92c33e2\" data-element_type=\"column\" data-e-type=\"column\">\n\t\t\t<div class=\"elementor-widget-wrap elementor-element-populated\">\n\t\t\t\t\t\t<div class=\"elementor-element elementor-element-56ee6b5 elementor-widget elementor-widget-text-editor\" data-id=\"56ee6b5\" data-element_type=\"widget\" data-e-type=\"widget\" data-widget_type=\"text-editor.default\">\n\t\t\t\t<div class=\"elementor-widget-container\">\n\t\t\t\t\t\t\t\t\t<p>Haz tu reserva ahora llam\u00e1ndonos al n\u00famero de tel\u00e9fono\u00a0 (+34) 965 794 864.<\/p>\t\t\t\t\t\t\t\t<\/div>\n\t\t\t\t<\/div>\n\t\t\t\t\t<\/div>\n\t\t<\/div>\n\t\t\t\t<div class=\"elementor-column elementor-col-33 elementor-top-column elementor-element elementor-element-6d7a5b8\" data-id=\"6d7a5b8\" data-element_type=\"column\" data-e-type=\"column\">\n\t\t\t<div class=\"elementor-widget-wrap elementor-element-populated\">\n\t\t\t\t\t\t<div class=\"elementor-element elementor-element-162bc0d elementor-view-default elementor-widget elementor-widget-icon\" data-id=\"162bc0d\" data-element_type=\"widget\" data-e-type=\"widget\" data-widget_type=\"icon.default\">\n\t\t\t\t<div class=\"elementor-widget-container\">\n\t\t\t\t\t\t\t<div class=\"elementor-icon-wrapper\">\n\t\t\t<div class=\"elementor-icon\">\n\t\t\t<i aria-hidden=\"true\" class=\"fas fa-phone-alt\"><\/i>\t\t\t<\/div>\n\t\t<\/div>\n\t\t\t\t\t\t<\/div>\n\t\t\t\t<\/div>\n\t\t\t\t\t<\/div>\n\t\t<\/div>\n\t\t\t\t<div class=\"elementor-column elementor-col-33 elementor-top-column elementor-element elementor-element-8e47103\" data-id=\"8e47103\" data-element_type=\"column\" data-e-type=\"column\" data-settings=\"{&quot;background_background&quot;:&quot;classic&quot;}\">\n\t\t\t<div class=\"elementor-widget-wrap elementor-element-populated\">\n\t\t\t\t\t\t<div class=\"elementor-element elementor-element-5093cd8 elementor-widget elementor-widget-heading\" data-id=\"5093cd8\" data-element_type=\"widget\" data-e-type=\"widget\" data-widget_type=\"heading.default\">\n\t\t\t\t<div class=\"elementor-widget-container\">\n\t\t\t\t\t<p class=\"elementor-heading-title elementor-size-default\"><a href=\"tel:(+34)965794864\u200b\">RESERVAR AHORA<\/a><\/p>\t\t\t\t<\/div>\n\t\t\t\t<\/div>\n\t\t\t\t\t<\/div>\n\t\t<\/div>\n\t\t\t\t\t<\/div>\n\t\t<\/section>\n\t\t\t\t<section class=\"elementor-section elementor-top-section elementor-element elementor-element-769263b elementor-section-boxed elementor-section-height-default elementor-section-height-default\" data-id=\"769263b\" data-element_type=\"section\" data-e-type=\"section\">\n\t\t\t\t\t\t<div class=\"elementor-container elementor-column-gap-default\">\n\t\t\t\t\t<div class=\"elementor-column elementor-col-100 elementor-top-column elementor-element elementor-element-c1aacd5\" data-id=\"c1aacd5\" data-element_type=\"column\" data-e-type=\"column\">\n\t\t\t<div class=\"elementor-widget-wrap elementor-element-populated\">\n\t\t\t\t\t\t<div class=\"elementor-element elementor-element-dc26379 elementor-widget elementor-widget-spacer\" data-id=\"dc26379\" data-element_type=\"widget\" data-e-type=\"widget\" data-widget_type=\"spacer.default\">\n\t\t\t\t<div class=\"elementor-widget-container\">\n\t\t\t\t\t\t\t<div class=\"elementor-spacer\">\n\t\t\t<div class=\"elementor-spacer-inner\"><\/div>\n\t\t<\/div>\n\t\t\t\t\t\t<\/div>\n\t\t\t\t<\/div>\n\t\t\t\t<div class=\"elementor-element elementor-element-9a8e32c elementor-widget elementor-widget-heading\" data-id=\"9a8e32c\" data-element_type=\"widget\" data-e-type=\"widget\" data-widget_type=\"heading.default\">\n\t\t\t\t<div class=\"elementor-widget-container\">\n\t\t\t\t\t<h2 class=\"elementor-heading-title elementor-size-default\">Reserva una mesa en La Trastienda<\/h2>\t\t\t\t<\/div>\n\t\t\t\t<\/div>\n\t\t\t\t<div class=\"elementor-element elementor-element-3ff9e62 elementor-widget elementor-widget-text-editor\" data-id=\"3ff9e62\" data-element_type=\"widget\" data-e-type=\"widget\" data-widget_type=\"text-editor.default\">\n\t\t\t\t<div class=\"elementor-widget-container\">\n\t\t\t\t\t\t\t\t\t<p>Si lo prefieres, escr\u00edbenos un mensaje directo a trav\u00e9s de Whatsapp o ll\u00e1manos por tel\u00e9fono para solicitar tu reserva.<\/p>\t\t\t\t\t\t\t\t<\/div>\n\t\t\t\t<\/div>\n\t\t\t\t\t<\/div>\n\t\t<\/div>\n\t\t\t\t\t<\/div>\n\t\t<\/section>\n\t\t\t\t<section class=\"elementor-section elementor-top-section elementor-element elementor-element-c9b4126 elementor-section-full_width elementor-section-stretched elementor-section-height-default elementor-section-height-default\" data-id=\"c9b4126\" data-element_type=\"section\" data-e-type=\"section\" data-settings=\"{&quot;stretch_section&quot;:&quot;section-stretched&quot;,&quot;background_background&quot;:&quot;classic&quot;}\">\n\t\t\t\t\t\t<div class=\"elementor-container elementor-column-gap-default\">\n\t\t\t\t\t<div class=\"elementor-column elementor-col-50 elementor-top-column elementor-element elementor-element-a618dd6\" data-id=\"a618dd6\" data-element_type=\"column\" data-e-type=\"column\">\n\t\t\t<div class=\"elementor-widget-wrap elementor-element-populated\">\n\t\t\t\t\t\t<div class=\"elementor-element elementor-element-f01efcd elementor-align-right elementor-mobile-align-center elementor-widget elementor-widget-button\" data-id=\"f01efcd\" data-element_type=\"widget\" data-e-type=\"widget\" data-widget_type=\"button.default\">\n\t\t\t\t<div class=\"elementor-widget-container\">\n\t\t\t\t\t\t\t\t\t<div class=\"elementor-button-wrapper\">\n\t\t\t\t\t<a class=\"elementor-button elementor-button-link elementor-size-lg\" href=\"https:\/\/wa.me\/+34629157700\" target=\"_blank\" rel=\"nofollow\">\n\t\t\t\t\t\t<span class=\"elementor-button-content-wrapper\">\n\t\t\t\t\t\t<span class=\"elementor-button-icon\">\n\t\t\t\t<i aria-hidden=\"true\" class=\"fab fa-whatsapp\"><\/i>\t\t\t<\/span>\n\t\t\t\t\t\t\t\t\t<span class=\"elementor-button-text\">WhatsApp<\/span>\n\t\t\t\t\t<\/span>\n\t\t\t\t\t<\/a>\n\t\t\t\t<\/div>\n\t\t\t\t\t\t\t\t<\/div>\n\t\t\t\t<\/div>\n\t\t\t\t\t<\/div>\n\t\t<\/div>\n\t\t\t\t<div class=\"elementor-column elementor-col-50 elementor-top-column elementor-element elementor-element-5678cca\" data-id=\"5678cca\" data-element_type=\"column\" data-e-type=\"column\">\n\t\t\t<div class=\"elementor-widget-wrap elementor-element-populated\">\n\t\t\t\t\t\t<div class=\"elementor-element elementor-element-0bf9c76 elementor-mobile-align-center elementor-widget elementor-widget-button\" data-id=\"0bf9c76\" data-element_type=\"widget\" data-e-type=\"widget\" data-widget_type=\"button.default\">\n\t\t\t\t<div class=\"elementor-widget-container\">\n\t\t\t\t\t\t\t\t\t<div class=\"elementor-button-wrapper\">\n\t\t\t\t\t<a class=\"elementor-button elementor-button-link elementor-size-lg\" href=\"tel:965794864\" target=\"_blank\" rel=\"nofollow\">\n\t\t\t\t\t\t<span class=\"elementor-button-content-wrapper\">\n\t\t\t\t\t\t<span class=\"elementor-button-icon\">\n\t\t\t\t<i aria-hidden=\"true\" class=\"fas fa-phone-alt\"><\/i>\t\t\t<\/span>\n\t\t\t\t\t\t\t\t\t<span class=\"elementor-button-text\">Tel\u00e9fono<\/span>\n\t\t\t\t\t<\/span>\n\t\t\t\t\t<\/a>\n\t\t\t\t<\/div>\n\t\t\t\t\t\t\t\t<\/div>\n\t\t\t\t<\/div>\n\t\t\t\t\t<\/div>\n\t\t<\/div>\n\t\t\t\t\t<\/div>\n\t\t<\/section>\n\t\t\t\t<\/div>\n\t\t","protected":false},"excerpt":{"rendered":"<p>Reserve your table now by calling the number\u00a0 (+34) 965 794 864. BOOK NOW Reserve a table now in La Trastienda If you prefer, write us a WhatsApp message, or call us to request your reservation. WhatsApp Phone<\/p>\n","protected":false},"author":1,"featured_media":2984,"parent":0,"menu_order":0,"comment_status":"closed","ping_status":"closed","template":"elementor_header_footer","meta":{"footnotes":""},"class_list":["post-2018","page","type-page","status-publish","has-post-thumbnail","hentry"],"yoast_head":"<!-- This site is optimized with the Yoast SEO plugin v27.4 - https:\/\/yoast.com\/product\/yoast-seo-wordpress\/ -->\n<title>Reservations - La Trastienda - Wine &amp; Tapas Bar<\/title>\n<meta name=\"description\" content=\"Reserva ya una mesa en La Trastienda y prueba nuestra propuesta gastron\u00f3mica, acompa\u00f1ada con una amplia selecci\u00f3n de cavas y vinos\" \/>\n<meta name=\"robots\" content=\"index, follow, max-snippet:-1, max-image-preview:large, max-video-preview:-1\" \/>\n<link rel=\"canonical\" href=\"https:\/\/www.latrastiendajavea.es\/en\/reservas\/\" \/>\n<meta property=\"og:locale\" content=\"en_US\" \/>\n<meta property=\"og:type\" content=\"article\" \/>\n<meta property=\"og:title\" content=\"Reservations - La Trastienda - Wine &amp; Tapas Bar\" \/>\n<meta property=\"og:description\" content=\"Reserva ya una mesa en La Trastienda y prueba nuestra propuesta gastron\u00f3mica, acompa\u00f1ada con una amplia selecci\u00f3n de cavas y vinos\" \/>\n<meta property=\"og:url\" content=\"https:\/\/www.latrastiendajavea.es\/en\/reservas\/\" \/>\n<meta property=\"og:site_name\" content=\"La Trastienda - Wine &amp; Tapas Bar\" \/>\n<meta property=\"article:modified_time\" content=\"2021-08-17T16:43:33+00:00\" \/>\n<meta property=\"og:image\" content=\"https:\/\/www.latrastiendajavea.es\/wp-content\/uploads\/2021\/08\/RESERVA-LATRASTIENDA-DESTACADA_02.jpg\" \/>\n\t<meta property=\"og:image:width\" content=\"1200\" \/>\n\t<meta property=\"og:image:height\" content=\"628\" \/>\n\t<meta property=\"og:image:type\" content=\"image\/jpeg\" \/>\n<meta name=\"twitter:card\" content=\"summary_large_image\" \/>\n<meta name=\"twitter:label1\" content=\"Est. reading time\" \/>\n\t<meta name=\"twitter:data1\" content=\"1 minute\" \/>\n<script type=\"application\/ld+json\" class=\"yoast-schema-graph\">{\"@context\":\"https:\\\/\\\/schema.org\",\"@graph\":[{\"@type\":\"WebPage\",\"@id\":\"https:\\\/\\\/www.latrastiendajavea.es\\\/en\\\/reservas\\\/\",\"url\":\"https:\\\/\\\/www.latrastiendajavea.es\\\/en\\\/reservas\\\/\",\"name\":\"Reservations - La Trastienda - Wine &amp; Tapas Bar\",\"isPartOf\":{\"@id\":\"https:\\\/\\\/www.latrastiendajavea.es\\\/en\\\/#website\"},\"primaryImageOfPage\":{\"@id\":\"https:\\\/\\\/www.latrastiendajavea.es\\\/en\\\/reservas\\\/#primaryimage\"},\"image\":{\"@id\":\"https:\\\/\\\/www.latrastiendajavea.es\\\/reservas\\\/#primaryimage\"},\"thumbnailUrl\":\"https:\\\/\\\/www.latrastiendajavea.es\\\/wp-content\\\/uploads\\\/2021\\\/08\\\/RESERVA-LATRASTIENDA-DESTACADA_02.jpg\",\"datePublished\":\"2021-07-26T19:41:31+00:00\",\"dateModified\":\"2021-08-17T16:43:33+00:00\",\"description\":\"Reserva ya una mesa en La Trastienda y prueba nuestra propuesta gastron\u00f3mica, acompa\u00f1ada con una amplia selecci\u00f3n de cavas y vinos\",\"breadcrumb\":{\"@id\":\"https:\\\/\\\/www.latrastiendajavea.es\\\/en\\\/reservas\\\/#breadcrumb\"},\"inLanguage\":\"en-US\",\"potentialAction\":[{\"@type\":\"ReadAction\",\"target\":[[\"https:\\\/\\\/www.latrastiendajavea.es\\\/en\\\/reservas\\\/\"]]}]},{\"@type\":\"ImageObject\",\"inLanguage\":\"en-US\",\"@id\":\"https:\\\/\\\/www.latrastiendajavea.es\\\/en\\\/reservas\\\/#primaryimage\",\"url\":\"https:\\\/\\\/www.latrastiendajavea.es\\\/wp-content\\\/uploads\\\/2021\\\/08\\\/RESERVA-LATRASTIENDA-DESTACADA_02.jpg\",\"contentUrl\":\"https:\\\/\\\/www.latrastiendajavea.es\\\/wp-content\\\/uploads\\\/2021\\\/08\\\/RESERVA-LATRASTIENDA-DESTACADA_02.jpg\",\"width\":1200,\"height\":628},{\"@type\":\"BreadcrumbList\",\"@id\":\"https:\\\/\\\/www.latrastiendajavea.es\\\/en\\\/reservas\\\/#breadcrumb\",\"itemListElement\":[{\"@type\":\"ListItem\",\"position\":1,\"name\":\"Portada\",\"item\":\"https:\\\/\\\/www.latrastiendajavea.es\\\/en\\\/\"},{\"@type\":\"ListItem\",\"position\":2,\"name\":\"Reservas\"}]},{\"@type\":\"WebSite\",\"@id\":\"https:\\\/\\\/www.latrastiendajavea.es\\\/en\\\/#website\",\"url\":\"https:\\\/\\\/www.latrastiendajavea.es\\\/en\\\/\",\"name\":\"La Trastienda - Wine &amp; Tapas Bar\",\"description\":\"Wine, tapas and fusion cuisine\",\"publisher\":{\"@id\":\"https:\\\/\\\/www.latrastiendajavea.es\\\/en\\\/#organization\"},\"potentialAction\":[{\"@type\":\"SearchAction\",\"target\":{\"@type\":\"EntryPoint\",\"urlTemplate\":\"https:\\\/\\\/www.latrastiendajavea.es\\\/en\\\/?s={search_term_string}\"},\"query-input\":{\"@type\":\"PropertyValueSpecification\",\"valueRequired\":true,\"valueName\":\"search_term_string\"}}],\"inLanguage\":\"en-US\"},{\"@type\":\"Organization\",\"@id\":\"https:\\\/\\\/www.latrastiendajavea.es\\\/en\\\/#organization\",\"name\":\"La Trastienda - Wine &amp; Tapas Bar\",\"url\":\"https:\\\/\\\/www.latrastiendajavea.es\\\/en\\\/\",\"logo\":{\"@type\":\"ImageObject\",\"inLanguage\":\"en-US\",\"@id\":\"https:\\\/\\\/www.latrastiendajavea.es\\\/en\\\/#\\\/schema\\\/logo\\\/image\\\/\",\"url\":\"https:\\\/\\\/www.latrastiendajavea.es\\\/wp-content\\\/uploads\\\/2021\\\/07\\\/logo-trastienda-100.svg\",\"contentUrl\":\"https:\\\/\\\/www.latrastiendajavea.es\\\/wp-content\\\/uploads\\\/2021\\\/07\\\/logo-trastienda-100.svg\",\"width\":185,\"height\":100,\"caption\":\"La Trastienda - Wine &amp; Tapas Bar\"},\"image\":{\"@id\":\"https:\\\/\\\/www.latrastiendajavea.es\\\/en\\\/#\\\/schema\\\/logo\\\/image\\\/\"}}]}<\/script>\n<!-- \/ Yoast SEO plugin. -->","yoast_head_json":{"title":"Reservations - La Trastienda - Wine &amp; Tapas Bar","description":"Reserva ya una mesa en La Trastienda y prueba nuestra propuesta gastron\u00f3mica, acompa\u00f1ada con una amplia selecci\u00f3n de cavas y vinos","robots":{"index":"index","follow":"follow","max-snippet":"max-snippet:-1","max-image-preview":"max-image-preview:large","max-video-preview":"max-video-preview:-1"},"canonical":"https:\/\/www.latrastiendajavea.es\/en\/reservas\/","og_locale":"en_US","og_type":"article","og_title":"Reservations - La Trastienda - Wine &amp; Tapas Bar","og_description":"Reserva ya una mesa en La Trastienda y prueba nuestra propuesta gastron\u00f3mica, acompa\u00f1ada con una amplia selecci\u00f3n de cavas y vinos","og_url":"https:\/\/www.latrastiendajavea.es\/en\/reservas\/","og_site_name":"La Trastienda - Wine &amp; Tapas Bar","article_modified_time":"2021-08-17T16:43:33+00:00","og_image":[{"width":1200,"height":628,"url":"https:\/\/www.latrastiendajavea.es\/wp-content\/uploads\/2021\/08\/RESERVA-LATRASTIENDA-DESTACADA_02.jpg","type":"image\/jpeg"}],"twitter_card":"summary_large_image","twitter_misc":{"Est. reading time":"1 minute"},"schema":{"@context":"https:\/\/schema.org","@graph":[{"@type":"WebPage","@id":"https:\/\/www.latrastiendajavea.es\/en\/reservas\/","url":"https:\/\/www.latrastiendajavea.es\/en\/reservas\/","name":"Reservations - La Trastienda - Wine &amp; Tapas Bar","isPartOf":{"@id":"https:\/\/www.latrastiendajavea.es\/en\/#website"},"primaryImageOfPage":{"@id":"https:\/\/www.latrastiendajavea.es\/en\/reservas\/#primaryimage"},"image":{"@id":"https:\/\/www.latrastiendajavea.es\/reservas\/#primaryimage"},"thumbnailUrl":"https:\/\/www.latrastiendajavea.es\/wp-content\/uploads\/2021\/08\/RESERVA-LATRASTIENDA-DESTACADA_02.jpg","datePublished":"2021-07-26T19:41:31+00:00","dateModified":"2021-08-17T16:43:33+00:00","description":"Reserva ya una mesa en La Trastienda y prueba nuestra propuesta gastron\u00f3mica, acompa\u00f1ada con una amplia selecci\u00f3n de cavas y vinos","breadcrumb":{"@id":"https:\/\/www.latrastiendajavea.es\/en\/reservas\/#breadcrumb"},"inLanguage":"en-US","potentialAction":[{"@type":"ReadAction","target":[["https:\/\/www.latrastiendajavea.es\/en\/reservas\/"]]}]},{"@type":"ImageObject","inLanguage":"en-US","@id":"https:\/\/www.latrastiendajavea.es\/en\/reservas\/#primaryimage","url":"https:\/\/www.latrastiendajavea.es\/wp-content\/uploads\/2021\/08\/RESERVA-LATRASTIENDA-DESTACADA_02.jpg","contentUrl":"https:\/\/www.latrastiendajavea.es\/wp-content\/uploads\/2021\/08\/RESERVA-LATRASTIENDA-DESTACADA_02.jpg","width":1200,"height":628},{"@type":"BreadcrumbList","@id":"https:\/\/www.latrastiendajavea.es\/en\/reservas\/#breadcrumb","itemListElement":[{"@type":"ListItem","position":1,"name":"Portada","item":"https:\/\/www.latrastiendajavea.es\/en\/"},{"@type":"ListItem","position":2,"name":"Reservas"}]},{"@type":"WebSite","@id":"https:\/\/www.latrastiendajavea.es\/en\/#website","url":"https:\/\/www.latrastiendajavea.es\/en\/","name":"La Trastienda - Wine &amp; Tapas Bar","description":"Wine, tapas and fusion cuisine","publisher":{"@id":"https:\/\/www.latrastiendajavea.es\/en\/#organization"},"potentialAction":[{"@type":"SearchAction","target":{"@type":"EntryPoint","urlTemplate":"https:\/\/www.latrastiendajavea.es\/en\/?s={search_term_string}"},"query-input":{"@type":"PropertyValueSpecification","valueRequired":true,"valueName":"search_term_string"}}],"inLanguage":"en-US"},{"@type":"Organization","@id":"https:\/\/www.latrastiendajavea.es\/en\/#organization","name":"La Trastienda - Wine &amp; Tapas Bar","url":"https:\/\/www.latrastiendajavea.es\/en\/","logo":{"@type":"ImageObject","inLanguage":"en-US","@id":"https:\/\/www.latrastiendajavea.es\/en\/#\/schema\/logo\/image\/","url":"https:\/\/www.latrastiendajavea.es\/wp-content\/uploads\/2021\/07\/logo-trastienda-100.svg","contentUrl":"https:\/\/www.latrastiendajavea.es\/wp-content\/uploads\/2021\/07\/logo-trastienda-100.svg","width":185,"height":100,"caption":"La Trastienda - Wine &amp; Tapas Bar"},"image":{"@id":"https:\/\/www.latrastiendajavea.es\/en\/#\/schema\/logo\/image\/"}}]}},"_links":{"self":[{"href":"https:\/\/www.latrastiendajavea.es\/en\/wp-json\/wp\/v2\/pages\/2018","targetHints":{"allow":["GET"]}}],"collection":[{"href":"https:\/\/www.latrastiendajavea.es\/en\/wp-json\/wp\/v2\/pages"}],"about":[{"href":"https:\/\/www.latrastiendajavea.es\/en\/wp-json\/wp\/v2\/types\/page"}],"author":[{"embeddable":true,"href":"https:\/\/www.latrastiendajavea.es\/en\/wp-json\/wp\/v2\/users\/1"}],"replies":[{"embeddable":true,"href":"https:\/\/www.latrastiendajavea.es\/en\/wp-json\/wp\/v2\/comments?post=2018"}],"version-history":[{"count":124,"href":"https:\/\/www.latrastiendajavea.es\/en\/wp-json\/wp\/v2\/pages\/2018\/revisions"}],"predecessor-version":[{"id":2985,"href":"https:\/\/www.latrastiendajavea.es\/en\/wp-json\/wp\/v2\/pages\/2018\/revisions\/2985"}],"wp:featuredmedia":[{"embeddable":true,"href":"https:\/\/www.latrastiendajavea.es\/en\/wp-json\/wp\/v2\/media\/2984"}],"wp:attachment":[{"href":"https:\/\/www.latrastiendajavea.es\/en\/wp-json\/wp\/v2\/media?parent=2018"}],"curies":[{"name":"wp","href":"https:\/\/api.w.org\/{rel}","templated":true}]}}